{"id":462,"date":"2024-09-02T08:55:58","date_gmt":"2024-09-02T08:55:58","guid":{"rendered":"https:\/\/get-my-squad-wordpress.projectanddemoserver.com\/privacy-policy\/"},"modified":"2024-10-14T13:43:33","modified_gmt":"2024-10-14T13:43:33","slug":"privacy-policy","status":"publish","type":"page","link":"https:\/\/www.getmysquad.com\/fr\/privacy-policy\/","title":{"rendered":"Politique de Confidentialit\u00e9"},"content":{"rendered":"<div class=\"privacy-policy-main\">\n<div class=\"container privacy-inner-content\">\n<h1><strong>Politique de confidentialit\u00e9 de GetMySquad<\/strong><\/h1>\n<p><strong>1. Introduction <\/strong><br \/>\nBienvenue sur GetMySquad. Cette politique de confidentialit\u00e9 s\u2019applique \u00e0 votre utilisation de notre plateforme et de nos services. En acc\u00e9dant \u00e0 notre plateforme et en l\u2019utilisant, vous d\u00e9clarez en avoir pris connaissance.<\/p>\n<p><strong>2. Informations que nous recueillons <\/strong><\/p>\n<ol type=\"a\">\n<li><strong>Donn\u00e9es personnelles :<\/strong> Il s\u2019agit des donn\u00e9es que vous nous fournissez, telles que votre nom, votre adresse \u00e9lectronique, votre num\u00e9ro de t\u00e9l\u00e9phone et les vid\u00e9os que vous t\u00e9l\u00e9chargez.<\/li>\n<li><strong>Donn\u00e9es d\u2019utilisation :<\/strong> Nous recueillons des donn\u00e9es relatives \u00e0 votre utilisation de nos services, y compris les pages que vous visitez, le temps pass\u00e9 sur ces pages et d\u2019autres statistiques pertinentes.<\/li>\n<li><strong>Donn\u00e9es relatives \u00e0 l\u2019appareil :<\/strong> Informations sur votre appareil, y compris l\u2019adresse IP, le type de navigateur et le type d\u2019appareil.<\/li>\n<\/ol>\n<p><strong>3. Utilisation de vos donn\u00e9es <\/strong><\/p>\n<ol type=\"a\">\n<li><strong>Prestation de services :<\/strong> Pour fournir et maintenir nos services.<\/li>\n<li><strong>Am\u00e9lioration :<\/strong> Pour contr\u00f4ler l\u2019utilisation de notre plateforme et y apporter les am\u00e9liorations n\u00e9cessaires.<\/li>\n<li><strong>Communication :<\/strong> Pour fournir un service et une assistance \u00e0 la client\u00e8le, et pour vous informer des changements apport\u00e9s \u00e0 nos services.<\/li>\n<li><strong>S\u00e9curit\u00e9 :<\/strong> Pour d\u00e9tecter et pr\u00e9venir toute activit\u00e9 frauduleuse ou ill\u00e9gale.<\/li>\n<\/ol>\n<p><strong>4. Droits de protection des donn\u00e9es en vertu du RGPD<\/strong><br \/>\nSi vous r\u00e9sidez dans l\u2019Espace \u00e9conomique europ\u00e9en (EEE), vous disposez de certains droits en mati\u00e8re de protection des donn\u00e9es :<\/p>\n<ul>\n<li>Acc\u00e8s <strong>:<\/strong> Vous avez le droit de demander des copies de vos donn\u00e9es personnelles.<\/li>\n<li>Rectification<strong> : <\/strong>Vous avez le droit de demander la rectification de toute information que vous estimez inexacte.<\/li>\n<li>Effacement <strong>:<\/strong> Vous avez le droit de demander l\u2019effacement de vos donn\u00e9es \u00e0 caract\u00e8re personnel, sous certaines conditions.<\/li>\n<li>Restriction <strong>:<\/strong> Vous avez le droit de demander la restriction du traitement de vos donn\u00e9es \u00e0 caract\u00e8re personnel, sous certaines conditions.<\/li>\n<li>Portabilit\u00e9 <strong>:<\/strong> Vous avez le droit de demander le transfert de vos donn\u00e9es \u00e0 caract\u00e8re personnel \u00e0 une autre organisation ou directement \u00e0 vous, sous certaines conditions.<\/li>\n<li>Opposition <strong>:<\/strong> Vous avez le droit de vous opposer \u00e0 notre traitement de vos donn\u00e9es personnelles, sous certaines conditions.<\/li>\n<\/ul>\n<p><strong>5. Conservation des donn\u00e9es<\/strong><br \/>\nNous ne conservons vos donn\u00e9es \u00e0 caract\u00e8re personnel que pendant la dur\u00e9e n\u00e9cessaire aux fins \u00e9nonc\u00e9es dans la pr\u00e9sente politique de confidentialit\u00e9.<\/p>\n<p><strong>6. Partage des donn\u00e9es<\/strong><br \/>\nNous ne vendons ni ne partageons vos donn\u00e9es \u00e0 caract\u00e8re personnel avec des tiers sans votre consentement, sauf dans les cas suivants\u00a0:<\/p>\n<ul>\n<li>Pour nous conformer \u00e0 des obligations l\u00e9gales.<\/li>\n<li>Pour prot\u00e9ger et d\u00e9fendre nos droits ou notre propri\u00e9t\u00e9.<\/li>\n<li>Pour pr\u00e9venir ou enqu\u00eater sur d\u2019\u00e9ventuels actes r\u00e9pr\u00e9hensibles en rapport avec nos services.<\/li>\n<\/ul>\n<p><strong>7.\u00a0Politique de suppression des donn\u00e9es<\/strong><br \/>\nChez GetMySquad, nous nous engageons \u00e0 garantir que les utilisateurs ont un contr\u00f4le total sur leurs donn\u00e9es personnelles. Si vous souhaitez supprimer votre compte ou l&rsquo;une de vos donn\u00e9es personnelles de notre plateforme, veuillez suivre les \u00e9tapes d\u00e9crites ci-dessous\u00a0:<\/p>\n<p><strong>\u00c9tapes pour supprimer vos donn\u00e9es\u00a0:<\/strong><\/p>\n<ol>\n<li><strong>Suppression du compte\u00a0<\/strong>:<\/li>\n<\/ol>\n<ul>\n<li>Vous pouvez demander la suppression de votre compte directement dans l&rsquo;application ou le site Web en acc\u00e9dant \u00e0 l&rsquo;onglet <strong>Profil<\/strong> et en s\u00e9lectionnant <strong>Supprimer le compte<\/strong>. Cette action lancera le processus de suppression des donn\u00e9es.<\/li>\n<li>Vous pouvez \u00e9galement nous contacter \u00e0 <a href=\"mailto:privacy@getmysquad.com\">privacy@getmysquad.com<\/a> pour demander la suppression du compte. Veuillez utiliser l&rsquo;adresse e-mail associ\u00e9e \u00e0 votre compte pour garantir la s\u00e9curit\u00e9.<\/li>\n<\/ul>\n<ol start=\"2\">\n<li><strong>Calendrier de suppression des donn\u00e9es <\/strong>:<\/li>\n<\/ol>\n<ul>\n<li>Une fois votre demande soumise, nous traiterons la suppression dans les <strong>30 jours<\/strong>. Toutes les donn\u00e9es personnelles associ\u00e9es \u00e0 votre compte, y compris les informations de profil, les pr\u00e9f\u00e9rences d&#8217;emploi et l&rsquo;historique des candidatures, seront d\u00e9finitivement supprim\u00e9es de nos syst\u00e8mes, \u00e0 l&rsquo;exception des donn\u00e9es que nous sommes l\u00e9galement tenus de conserver.<\/li>\n<li>Pendant cette p\u00e9riode, votre compte sera d\u00e9sactiv\u00e9 et vous ne pourrez pas acc\u00e9der \u00e0 la plateforme.<\/li>\n<\/ul>\n<ol start=\"3\">\n<li><strong>Suppression partielle des donn\u00e9es<\/strong>:<\/li>\n<\/ol>\n<ul>\n<li>Si vous souhaitez supprimer des donn\u00e9es sp\u00e9cifiques (par exemple, vos pr\u00e9f\u00e9rences professionnelles, les m\u00e9dias de votre profil ou les documents t\u00e9l\u00e9charg\u00e9s) sans supprimer l&rsquo;int\u00e9gralit\u00e9 de votre compte, vous pouvez le faire via la section <strong>Profil<\/strong> de l&rsquo;application ou du site Web. Acc\u00e9dez simplement \u00e0 la section o\u00f9 les donn\u00e9es sont stock\u00e9es et suivez les instructions \u00e0 l&rsquo;\u00e9cran pour supprimer ou modifier les informations souhait\u00e9es.<\/li>\n<\/ul>\n<ol start=\"4\">\n<li><strong>Conservation des donn\u00e9es \u00e0 des fins juridiques ou commerciales\u00a0<\/strong>:<\/li>\n<\/ol>\n<ul>\n<li>Dans certains cas, nous pouvons avoir besoin de conserver certaines donn\u00e9es pour nous conformer \u00e0 des fins juridiques, r\u00e9glementaires ou commerciales internes. Nous ne conserverons que le minimum de donn\u00e9es n\u00e9cessaires et veillerons \u00e0 ce qu&rsquo;elles soient stock\u00e9es en toute s\u00e9curit\u00e9. Ces donn\u00e9es ne seront pas accessibles via votre compte ni utilis\u00e9es pour un traitement actif.<\/li>\n<\/ul>\n<p><strong>Questions ou pr\u00e9occupations:<\/strong><\/p>\n<p>Si vous avez des questions ou des pr\u00e9occupations concernant la suppression des donn\u00e9es, ou si vous rencontrez des probl\u00e8mes pendant le processus, veuillez contacter notre \u00e9quipe d&rsquo;assistance \u00e0 l&rsquo;adresse <a href=\"mailto:privacy@getmysquad.com\">privacy@getmysquad.com<\/a>.<\/p>\n<p><strong>8. S\u00e9curit\u00e9<\/strong><br \/>\nNous utilisons des mesures de s\u00e9curit\u00e9 de pointe pour prot\u00e9ger vos donn\u00e9es \u00e0 caract\u00e8re personnel contre tout acc\u00e8s, modification, divulgation ou destruction non autoris\u00e9s.<\/p>\n<p><strong>9. Cookies <\/strong><br \/>\nNous utilisons des cookies pour am\u00e9liorer l\u2019exp\u00e9rience de l\u2019utilisateur. Vous pouvez demander \u00e0 votre navigateur de refuser tous les cookies ou de vous indiquer quand un cookie est envoy\u00e9.<\/p>\n<p><strong>10. Liens vers des sites tiers<\/strong><br \/>\nNotre plateforme peut contenir des liens vers des sites tiers. Nous ne sommes pas responsables du contenu ou des pratiques de confidentialit\u00e9 de ces sites tiers.<\/p>\n<p><strong>11. Modifications de la pr\u00e9sente politique de confidentialit\u00e9<\/strong><br \/>\nNous pouvons p\u00e9riodiquement mettre \u00e0 jour notre politique de confidentialit\u00e9. Nous vous informerons de toute modification en publiant la politique mise \u00e0 jour sur cette page.<\/p>\n<p><strong>12. Responsabilit\u00e9s<\/strong><br \/>\nBien que nous puissions fournir des liens vers des informations pertinentes et recommander des partenaires de temps \u00e0 autre, GetMySquad n\u2019assume aucune responsabilit\u00e9 juridique pour les \u00e9tapes d\u2019embauche ult\u00e9rieures. Les employeurs doivent s\u2019assurer qu\u2019ils suivent les processus corrects conform\u00e9ment aux lois fran\u00e7aises sur l\u2019embauche.<\/p>\n<p><strong>13. Comment nous contacter<\/strong><br \/>\nPour toute question, pr\u00e9occupation ou commentaire concernant cette politique de confidentialit\u00e9, veuillez nous contacter \u00e0 l\u2019adresse suivante <a href=\"mailto:privacy@getmysquad.com\">privacy@getmysquad.com<\/a><\/p>\n<\/div>\n<\/div>\n","protected":false},"excerpt":{"rendered":"<p>Politique de confidentialit\u00e9 de GetMySquad 1. Introduction Bienvenue sur GetMySquad. Cette politique de confidentialit\u00e9 s\u2019applique \u00e0 votre utilisation de notre plateforme et de nos services. En acc\u00e9dant \u00e0 notre plateforme et en l\u2019utilisant, vous d\u00e9clarez en avoir pris connaissance. 2. Informations que nous recueillons Donn\u00e9es personnelles : Il s\u2019agit des donn\u00e9es que vous nous fournissez, [&hellip;]<\/p>\n","protected":false},"author":1,"featured_media":0,"parent":0,"menu_order":0,"comment_status":"closed","ping_status":"open","template":"tpl-employer.php","meta":{"_acf_changed":false,"footnotes":""},"class_list":["post-462","page","type-page","status-publish","hentry"],"acf":[],"yoast_head":"<!-- This site is optimized with the Yoast SEO plugin v25.3 - https:\/\/yoast.com\/wordpress\/plugins\/seo\/ -->\n<title>Politique de Confidentialit\u00e9 - GetMySquad<\/title>\n<meta name=\"robots\" content=\"index, follow, max-snippet:-1, max-image-preview:large, max-video-preview:-1\" \/>\n<link rel=\"canonical\" href=\"https:\/\/www.getmysquad.com\/fr\/privacy-policy\/\" \/>\n<meta property=\"og:locale\" content=\"fr_FR\" \/>\n<meta property=\"og:type\" content=\"article\" \/>\n<meta property=\"og:title\" content=\"Politique de Confidentialit\u00e9 - GetMySquad\" \/>\n<meta property=\"og:description\" content=\"Politique de confidentialit\u00e9 de GetMySquad 1. Introduction Bienvenue sur GetMySquad. Cette politique de confidentialit\u00e9 s\u2019applique \u00e0 votre utilisation de notre plateforme et de nos services. En acc\u00e9dant \u00e0 notre plateforme et en l\u2019utilisant, vous d\u00e9clarez en avoir pris connaissance. 2. Informations que nous recueillons Donn\u00e9es personnelles : Il s\u2019agit des donn\u00e9es que vous nous fournissez, [&hellip;]\" \/>\n<meta property=\"og:url\" content=\"https:\/\/www.getmysquad.com\/fr\/privacy-policy\/\" \/>\n<meta property=\"og:site_name\" content=\"GetMySquad\" \/>\n<meta property=\"article:publisher\" content=\"https:\/\/www.facebook.com\/people\/Get-My-Squad\/61551652594731\/\" \/>\n<meta property=\"article:modified_time\" content=\"2024-10-14T13:43:33+00:00\" \/>\n<meta name=\"twitter:card\" content=\"summary_large_image\" \/>\n<meta name=\"twitter:label1\" content=\"Dur\u00e9e de lecture estim\u00e9e\" \/>\n\t<meta name=\"twitter:data1\" content=\"5 minutes\" \/>\n<script type=\"application\/ld+json\" class=\"yoast-schema-graph\">{\"@context\":\"https:\/\/schema.org\",\"@graph\":[{\"@type\":\"WebPage\",\"@id\":\"https:\/\/www.getmysquad.com\/fr\/privacy-policy\/\",\"url\":\"https:\/\/www.getmysquad.com\/fr\/privacy-policy\/\",\"name\":\"Politique de Confidentialit\u00e9 - GetMySquad\",\"isPartOf\":{\"@id\":\"https:\/\/www.getmysquad.com\/#website\"},\"datePublished\":\"2024-09-02T08:55:58+00:00\",\"dateModified\":\"2024-10-14T13:43:33+00:00\",\"breadcrumb\":{\"@id\":\"https:\/\/www.getmysquad.com\/fr\/privacy-policy\/#breadcrumb\"},\"inLanguage\":\"fr-FR\",\"potentialAction\":[{\"@type\":\"ReadAction\",\"target\":[\"https:\/\/www.getmysquad.com\/fr\/privacy-policy\/\"]}]},{\"@type\":\"BreadcrumbList\",\"@id\":\"https:\/\/www.getmysquad.com\/fr\/privacy-policy\/#breadcrumb\",\"itemListElement\":[{\"@type\":\"ListItem\",\"position\":1,\"name\":\"Home\",\"item\":\"https:\/\/www.getmysquad.com\/fr\/\"},{\"@type\":\"ListItem\",\"position\":2,\"name\":\"Politique de Confidentialit\u00e9\"}]},{\"@type\":\"WebSite\",\"@id\":\"https:\/\/www.getmysquad.com\/#website\",\"url\":\"https:\/\/www.getmysquad.com\/\",\"name\":\"GetMySquad\",\"description\":\"\",\"publisher\":{\"@id\":\"https:\/\/www.getmysquad.com\/#organization\"},\"potentialAction\":[{\"@type\":\"SearchAction\",\"target\":{\"@type\":\"EntryPoint\",\"urlTemplate\":\"https:\/\/www.getmysquad.com\/?s={search_term_string}\"},\"query-input\":{\"@type\":\"PropertyValueSpecification\",\"valueRequired\":true,\"valueName\":\"search_term_string\"}}],\"inLanguage\":\"fr-FR\"},{\"@type\":\"Organization\",\"@id\":\"https:\/\/www.getmysquad.com\/#organization\",\"name\":\"GetMySquad\",\"url\":\"https:\/\/www.getmysquad.com\/\",\"logo\":{\"@type\":\"ImageObject\",\"inLanguage\":\"fr-FR\",\"@id\":\"https:\/\/www.getmysquad.com\/#\/schema\/logo\/image\/\",\"url\":\"https:\/\/www.getmysquad.com\/wp-content\/uploads\/2024\/09\/logo.svg\",\"contentUrl\":\"https:\/\/www.getmysquad.com\/wp-content\/uploads\/2024\/09\/logo.svg\",\"caption\":\"GetMySquad\"},\"image\":{\"@id\":\"https:\/\/www.getmysquad.com\/#\/schema\/logo\/image\/\"},\"sameAs\":[\"https:\/\/www.facebook.com\/people\/Get-My-Squad\/61551652594731\/\"]}]}<\/script>\n<!-- \/ Yoast SEO plugin. -->","yoast_head_json":{"title":"Politique de Confidentialit\u00e9 - GetMySquad","robots":{"index":"index","follow":"follow","max-snippet":"max-snippet:-1","max-image-preview":"max-image-preview:large","max-video-preview":"max-video-preview:-1"},"canonical":"https:\/\/www.getmysquad.com\/fr\/privacy-policy\/","og_locale":"fr_FR","og_type":"article","og_title":"Politique de Confidentialit\u00e9 - GetMySquad","og_description":"Politique de confidentialit\u00e9 de GetMySquad 1. Introduction Bienvenue sur GetMySquad. Cette politique de confidentialit\u00e9 s\u2019applique \u00e0 votre utilisation de notre plateforme et de nos services. En acc\u00e9dant \u00e0 notre plateforme et en l\u2019utilisant, vous d\u00e9clarez en avoir pris connaissance. 2. Informations que nous recueillons Donn\u00e9es personnelles : Il s\u2019agit des donn\u00e9es que vous nous fournissez, [&hellip;]","og_url":"https:\/\/www.getmysquad.com\/fr\/privacy-policy\/","og_site_name":"GetMySquad","article_publisher":"https:\/\/www.facebook.com\/people\/Get-My-Squad\/61551652594731\/","article_modified_time":"2024-10-14T13:43:33+00:00","twitter_card":"summary_large_image","twitter_misc":{"Dur\u00e9e de lecture estim\u00e9e":"5 minutes"},"schema":{"@context":"https:\/\/schema.org","@graph":[{"@type":"WebPage","@id":"https:\/\/www.getmysquad.com\/fr\/privacy-policy\/","url":"https:\/\/www.getmysquad.com\/fr\/privacy-policy\/","name":"Politique de Confidentialit\u00e9 - GetMySquad","isPartOf":{"@id":"https:\/\/www.getmysquad.com\/#website"},"datePublished":"2024-09-02T08:55:58+00:00","dateModified":"2024-10-14T13:43:33+00:00","breadcrumb":{"@id":"https:\/\/www.getmysquad.com\/fr\/privacy-policy\/#breadcrumb"},"inLanguage":"fr-FR","potentialAction":[{"@type":"ReadAction","target":["https:\/\/www.getmysquad.com\/fr\/privacy-policy\/"]}]},{"@type":"BreadcrumbList","@id":"https:\/\/www.getmysquad.com\/fr\/privacy-policy\/#breadcrumb","itemListElement":[{"@type":"ListItem","position":1,"name":"Home","item":"https:\/\/www.getmysquad.com\/fr\/"},{"@type":"ListItem","position":2,"name":"Politique de Confidentialit\u00e9"}]},{"@type":"WebSite","@id":"https:\/\/www.getmysquad.com\/#website","url":"https:\/\/www.getmysquad.com\/","name":"GetMySquad","description":"","publisher":{"@id":"https:\/\/www.getmysquad.com\/#organization"},"potentialAction":[{"@type":"SearchAction","target":{"@type":"EntryPoint","urlTemplate":"https:\/\/www.getmysquad.com\/?s={search_term_string}"},"query-input":{"@type":"PropertyValueSpecification","valueRequired":true,"valueName":"search_term_string"}}],"inLanguage":"fr-FR"},{"@type":"Organization","@id":"https:\/\/www.getmysquad.com\/#organization","name":"GetMySquad","url":"https:\/\/www.getmysquad.com\/","logo":{"@type":"ImageObject","inLanguage":"fr-FR","@id":"https:\/\/www.getmysquad.com\/#\/schema\/logo\/image\/","url":"https:\/\/www.getmysquad.com\/wp-content\/uploads\/2024\/09\/logo.svg","contentUrl":"https:\/\/www.getmysquad.com\/wp-content\/uploads\/2024\/09\/logo.svg","caption":"GetMySquad"},"image":{"@id":"https:\/\/www.getmysquad.com\/#\/schema\/logo\/image\/"},"sameAs":["https:\/\/www.facebook.com\/people\/Get-My-Squad\/61551652594731\/"]}]}},"_links":{"self":[{"href":"https:\/\/www.getmysquad.com\/fr\/wp-json\/wp\/v2\/pages\/462","targetHints":{"allow":["GET"]}}],"collection":[{"href":"https:\/\/www.getmysquad.com\/fr\/wp-json\/wp\/v2\/pages"}],"about":[{"href":"https:\/\/www.getmysquad.com\/fr\/wp-json\/wp\/v2\/types\/page"}],"author":[{"embeddable":true,"href":"https:\/\/www.getmysquad.com\/fr\/wp-json\/wp\/v2\/users\/1"}],"replies":[{"embeddable":true,"href":"https:\/\/www.getmysquad.com\/fr\/wp-json\/wp\/v2\/comments?post=462"}],"version-history":[{"count":6,"href":"https:\/\/www.getmysquad.com\/fr\/wp-json\/wp\/v2\/pages\/462\/revisions"}],"predecessor-version":[{"id":811,"href":"https:\/\/www.getmysquad.com\/fr\/wp-json\/wp\/v2\/pages\/462\/revisions\/811"}],"wp:attachment":[{"href":"https:\/\/www.getmysquad.com\/fr\/wp-json\/wp\/v2\/media?parent=462"}],"curies":[{"name":"wp","href":"https:\/\/api.w.org\/{rel}","templated":true}]}}