{"id":464,"date":"2024-09-02T11:15:53","date_gmt":"2024-09-02T11:15:53","guid":{"rendered":"https:\/\/get-my-squad-wordpress.projectanddemoserver.com\/terms-of-service\/"},"modified":"2024-10-14T13:44:14","modified_gmt":"2024-10-14T13:44:14","slug":"terms-of-service","status":"publish","type":"page","link":"https:\/\/www.getmysquad.com\/fr\/terms-of-service\/","title":{"rendered":"Conditions d\u2019utilisation"},"content":{"rendered":"<div class=\"privacy-policy-main terms-main\">\n<div class=\"container privacy-inner-content\">\n<h1>Conditions d\u2019utilisation de GetMySquad<\/h1>\n<p><strong>1.\u00a0 Introduction<\/strong><br \/>\nBienvenue sur GetMySquad. Les pr\u00e9sentes conditions de service (\u00ab conditions \u00bb) r\u00e9gissent votre utilisation de notre plateforme et de nos services. En acc\u00e9dant \u00e0 notre plateforme et en l\u2019utilisant, vous acceptez de respecter ces conditions.<\/p>\n<p><strong>2.\u00a0 Inscription et compte<\/strong><\/p>\n<ol type=\"a\">\n<li>Pour utiliser certaines fonctionnalit\u00e9s de notre plateforme, il peut vous \u00eatre demand\u00e9 de cr\u00e9er un compte. Vous devez fournir des informations exactes et compl\u00e8tes lors de votre inscription.<\/li>\n<li>Vous \u00eates responsable du maintien de la confidentialit\u00e9 du mot de passe de votre compte et de toutes les activit\u00e9s qui se d\u00e9roulent sous votre compte.<\/li>\n<li>GetMySquad se r\u00e9serve le droit de suspendre ou de r\u00e9silier les comptes qui violeraient les pr\u00e9sentes conditions.<\/li>\n<\/ol>\n<p><strong>3.\u00a0Utilisation de la plate-forme<\/strong><\/p>\n<ol type=\"a\">\n<li>Vous acceptez d\u2019utiliser notre plateforme conform\u00e9ment \u00e0 toutes les lois et r\u00e9glementations en vigueur.<\/li>\n<li>Vous ne pouvez pas abuser de notre plate-forme en introduisant sciemment des virus, des chevaux de Troie, des vers ou d\u2019autres \u00e9l\u00e9ments malveillants.<\/li>\n<li>L\u2019acc\u00e8s non autoris\u00e9 \u00e0 notre plate-forme, au serveur sur lequel elle est stock\u00e9e ou \u00e0 tout serveur, ordinateur ou base de donn\u00e9es connect\u00e9 \u00e0 notre plate-forme est interdit.<\/li>\n<\/ol>\n<p><strong>4.\u00a0 Contenu<\/strong><\/p>\n<ol type=\"a\">\n<li>Tout le contenu t\u00e9l\u00e9charg\u00e9 sur GetMySquad doit \u00eatre conforme aux lois et r\u00e9glementations en vigueur. Nous nous r\u00e9servons le droit de supprimer tout contenu qui enfreint ces conditions ou qui est consid\u00e9r\u00e9 comme nuisible, offensant ou inappropri\u00e9.<\/li>\n<li>Vous conservez tous les droits sur le contenu que vous t\u00e9l\u00e9chargez, mais vous accordez \u00e0 GetMySquad une licence d\u2019utilisation, d\u2019affichage et de distribution de ce contenu sur notre plateforme.<\/li>\n<\/ol>\n<p><strong>5.\u00a0 Limitation de la responsabilit\u00e9<\/strong><br \/>\nGetMySquad ne sera pas responsable des dommages indirects, accessoires, sp\u00e9ciaux, cons\u00e9cutifs ou punitifs r\u00e9sultant de votre utilisation ou de votre incapacit\u00e9 \u00e0 utiliser notre plateforme.<\/p>\n<p><strong>6.\u00a0 Modifications des conditions<\/strong><br \/>\nNous pouvons p\u00e9riodiquement mettre \u00e0 jour les pr\u00e9sentes conditions. Nous vous informerons de toute modification en publiant les conditions mises \u00e0 jour sur cette page.<\/p>\n<p><strong>7.\u00a0 Droit en vigueur<\/strong><br \/>\nLes pr\u00e9sentes conditions sont r\u00e9gies et interpr\u00e9t\u00e9es conform\u00e9ment au droit fran\u00e7ais. Tout litige d\u00e9coulant des pr\u00e9sentes conditions ou en rapport avec celles-ci sera soumis \u00e0 la comp\u00e9tence des tribunaux fran\u00e7ais.<\/p>\n<p><strong>8.\u00a0 Comment nous contacter<\/strong><br \/>\nPour toute question, pr\u00e9occupation ou r\u00e9action concernant les pr\u00e9sentes conditions de service, veuillez nous contacter \u00e0 l\u2019adresse suivante : \u00a0<a href=\"mailto:support@getmysquad.com\">support@getmysquad.com<\/a><\/p>\n<\/div>\n<\/div>\n","protected":false},"excerpt":{"rendered":"<p>Conditions d\u2019utilisation de GetMySquad 1.\u00a0 Introduction Bienvenue sur GetMySquad. Les pr\u00e9sentes conditions de service (\u00ab conditions \u00bb) r\u00e9gissent votre utilisation de notre plateforme et de nos services. En acc\u00e9dant \u00e0 notre plateforme et en l\u2019utilisant, vous acceptez de respecter ces conditions. 2.\u00a0 Inscription et compte Pour utiliser certaines fonctionnalit\u00e9s de notre plateforme, il peut vous [&hellip;]<\/p>\n","protected":false},"author":1,"featured_media":0,"parent":0,"menu_order":0,"comment_status":"closed","ping_status":"closed","template":"tpl-employer.php","meta":{"_acf_changed":false,"footnotes":""},"class_list":["post-464","page","type-page","status-publish","hentry"],"acf":[],"yoast_head":"<!-- This site is optimized with the Yoast SEO plugin v25.3 - https:\/\/yoast.com\/wordpress\/plugins\/seo\/ -->\n<title>Conditions d\u2019utilisation - GetMySquad<\/title>\n<meta name=\"robots\" content=\"index, follow, max-snippet:-1, max-image-preview:large, max-video-preview:-1\" \/>\n<link rel=\"canonical\" href=\"https:\/\/www.getmysquad.com\/fr\/terms-of-service\/\" \/>\n<meta property=\"og:locale\" content=\"fr_FR\" \/>\n<meta property=\"og:type\" content=\"article\" \/>\n<meta property=\"og:title\" content=\"Conditions d\u2019utilisation - GetMySquad\" \/>\n<meta property=\"og:description\" content=\"Conditions d\u2019utilisation de GetMySquad 1.\u00a0 Introduction Bienvenue sur GetMySquad. Les pr\u00e9sentes conditions de service (\u00ab conditions \u00bb) r\u00e9gissent votre utilisation de notre plateforme et de nos services. En acc\u00e9dant \u00e0 notre plateforme et en l\u2019utilisant, vous acceptez de respecter ces conditions. 2.\u00a0 Inscription et compte Pour utiliser certaines fonctionnalit\u00e9s de notre plateforme, il peut vous [&hellip;]\" \/>\n<meta property=\"og:url\" content=\"https:\/\/www.getmysquad.com\/fr\/terms-of-service\/\" \/>\n<meta property=\"og:site_name\" content=\"GetMySquad\" \/>\n<meta property=\"article:publisher\" content=\"https:\/\/www.facebook.com\/people\/Get-My-Squad\/61551652594731\/\" \/>\n<meta property=\"article:modified_time\" content=\"2024-10-14T13:44:14+00:00\" \/>\n<meta name=\"twitter:card\" content=\"summary_large_image\" \/>\n<meta name=\"twitter:label1\" content=\"Dur\u00e9e de lecture estim\u00e9e\" \/>\n\t<meta name=\"twitter:data1\" content=\"2 minutes\" \/>\n<script type=\"application\/ld+json\" class=\"yoast-schema-graph\">{\"@context\":\"https:\/\/schema.org\",\"@graph\":[{\"@type\":\"WebPage\",\"@id\":\"https:\/\/www.getmysquad.com\/fr\/terms-of-service\/\",\"url\":\"https:\/\/www.getmysquad.com\/fr\/terms-of-service\/\",\"name\":\"Conditions d\u2019utilisation - GetMySquad\",\"isPartOf\":{\"@id\":\"https:\/\/www.getmysquad.com\/#website\"},\"datePublished\":\"2024-09-02T11:15:53+00:00\",\"dateModified\":\"2024-10-14T13:44:14+00:00\",\"breadcrumb\":{\"@id\":\"https:\/\/www.getmysquad.com\/fr\/terms-of-service\/#breadcrumb\"},\"inLanguage\":\"fr-FR\",\"potentialAction\":[{\"@type\":\"ReadAction\",\"target\":[\"https:\/\/www.getmysquad.com\/fr\/terms-of-service\/\"]}]},{\"@type\":\"BreadcrumbList\",\"@id\":\"https:\/\/www.getmysquad.com\/fr\/terms-of-service\/#breadcrumb\",\"itemListElement\":[{\"@type\":\"ListItem\",\"position\":1,\"name\":\"Home\",\"item\":\"https:\/\/www.getmysquad.com\/fr\/\"},{\"@type\":\"ListItem\",\"position\":2,\"name\":\"Conditions d\u2019utilisation\"}]},{\"@type\":\"WebSite\",\"@id\":\"https:\/\/www.getmysquad.com\/#website\",\"url\":\"https:\/\/www.getmysquad.com\/\",\"name\":\"GetMySquad\",\"description\":\"\",\"publisher\":{\"@id\":\"https:\/\/www.getmysquad.com\/#organization\"},\"potentialAction\":[{\"@type\":\"SearchAction\",\"target\":{\"@type\":\"EntryPoint\",\"urlTemplate\":\"https:\/\/www.getmysquad.com\/?s={search_term_string}\"},\"query-input\":{\"@type\":\"PropertyValueSpecification\",\"valueRequired\":true,\"valueName\":\"search_term_string\"}}],\"inLanguage\":\"fr-FR\"},{\"@type\":\"Organization\",\"@id\":\"https:\/\/www.getmysquad.com\/#organization\",\"name\":\"GetMySquad\",\"url\":\"https:\/\/www.getmysquad.com\/\",\"logo\":{\"@type\":\"ImageObject\",\"inLanguage\":\"fr-FR\",\"@id\":\"https:\/\/www.getmysquad.com\/#\/schema\/logo\/image\/\",\"url\":\"https:\/\/www.getmysquad.com\/wp-content\/uploads\/2024\/09\/logo.svg\",\"contentUrl\":\"https:\/\/www.getmysquad.com\/wp-content\/uploads\/2024\/09\/logo.svg\",\"caption\":\"GetMySquad\"},\"image\":{\"@id\":\"https:\/\/www.getmysquad.com\/#\/schema\/logo\/image\/\"},\"sameAs\":[\"https:\/\/www.facebook.com\/people\/Get-My-Squad\/61551652594731\/\"]}]}<\/script>\n<!-- \/ Yoast SEO plugin. -->","yoast_head_json":{"title":"Conditions d\u2019utilisation - GetMySquad","robots":{"index":"index","follow":"follow","max-snippet":"max-snippet:-1","max-image-preview":"max-image-preview:large","max-video-preview":"max-video-preview:-1"},"canonical":"https:\/\/www.getmysquad.com\/fr\/terms-of-service\/","og_locale":"fr_FR","og_type":"article","og_title":"Conditions d\u2019utilisation - GetMySquad","og_description":"Conditions d\u2019utilisation de GetMySquad 1.\u00a0 Introduction Bienvenue sur GetMySquad. Les pr\u00e9sentes conditions de service (\u00ab conditions \u00bb) r\u00e9gissent votre utilisation de notre plateforme et de nos services. En acc\u00e9dant \u00e0 notre plateforme et en l\u2019utilisant, vous acceptez de respecter ces conditions. 2.\u00a0 Inscription et compte Pour utiliser certaines fonctionnalit\u00e9s de notre plateforme, il peut vous [&hellip;]","og_url":"https:\/\/www.getmysquad.com\/fr\/terms-of-service\/","og_site_name":"GetMySquad","article_publisher":"https:\/\/www.facebook.com\/people\/Get-My-Squad\/61551652594731\/","article_modified_time":"2024-10-14T13:44:14+00:00","twitter_card":"summary_large_image","twitter_misc":{"Dur\u00e9e de lecture estim\u00e9e":"2 minutes"},"schema":{"@context":"https:\/\/schema.org","@graph":[{"@type":"WebPage","@id":"https:\/\/www.getmysquad.com\/fr\/terms-of-service\/","url":"https:\/\/www.getmysquad.com\/fr\/terms-of-service\/","name":"Conditions d\u2019utilisation - GetMySquad","isPartOf":{"@id":"https:\/\/www.getmysquad.com\/#website"},"datePublished":"2024-09-02T11:15:53+00:00","dateModified":"2024-10-14T13:44:14+00:00","breadcrumb":{"@id":"https:\/\/www.getmysquad.com\/fr\/terms-of-service\/#breadcrumb"},"inLanguage":"fr-FR","potentialAction":[{"@type":"ReadAction","target":["https:\/\/www.getmysquad.com\/fr\/terms-of-service\/"]}]},{"@type":"BreadcrumbList","@id":"https:\/\/www.getmysquad.com\/fr\/terms-of-service\/#breadcrumb","itemListElement":[{"@type":"ListItem","position":1,"name":"Home","item":"https:\/\/www.getmysquad.com\/fr\/"},{"@type":"ListItem","position":2,"name":"Conditions d\u2019utilisation"}]},{"@type":"WebSite","@id":"https:\/\/www.getmysquad.com\/#website","url":"https:\/\/www.getmysquad.com\/","name":"GetMySquad","description":"","publisher":{"@id":"https:\/\/www.getmysquad.com\/#organization"},"potentialAction":[{"@type":"SearchAction","target":{"@type":"EntryPoint","urlTemplate":"https:\/\/www.getmysquad.com\/?s={search_term_string}"},"query-input":{"@type":"PropertyValueSpecification","valueRequired":true,"valueName":"search_term_string"}}],"inLanguage":"fr-FR"},{"@type":"Organization","@id":"https:\/\/www.getmysquad.com\/#organization","name":"GetMySquad","url":"https:\/\/www.getmysquad.com\/","logo":{"@type":"ImageObject","inLanguage":"fr-FR","@id":"https:\/\/www.getmysquad.com\/#\/schema\/logo\/image\/","url":"https:\/\/www.getmysquad.com\/wp-content\/uploads\/2024\/09\/logo.svg","contentUrl":"https:\/\/www.getmysquad.com\/wp-content\/uploads\/2024\/09\/logo.svg","caption":"GetMySquad"},"image":{"@id":"https:\/\/www.getmysquad.com\/#\/schema\/logo\/image\/"},"sameAs":["https:\/\/www.facebook.com\/people\/Get-My-Squad\/61551652594731\/"]}]}},"_links":{"self":[{"href":"https:\/\/www.getmysquad.com\/fr\/wp-json\/wp\/v2\/pages\/464","targetHints":{"allow":["GET"]}}],"collection":[{"href":"https:\/\/www.getmysquad.com\/fr\/wp-json\/wp\/v2\/pages"}],"about":[{"href":"https:\/\/www.getmysquad.com\/fr\/wp-json\/wp\/v2\/types\/page"}],"author":[{"embeddable":true,"href":"https:\/\/www.getmysquad.com\/fr\/wp-json\/wp\/v2\/users\/1"}],"replies":[{"embeddable":true,"href":"https:\/\/www.getmysquad.com\/fr\/wp-json\/wp\/v2\/comments?post=464"}],"version-history":[{"count":3,"href":"https:\/\/www.getmysquad.com\/fr\/wp-json\/wp\/v2\/pages\/464\/revisions"}],"predecessor-version":[{"id":812,"href":"https:\/\/www.getmysquad.com\/fr\/wp-json\/wp\/v2\/pages\/464\/revisions\/812"}],"wp:attachment":[{"href":"https:\/\/www.getmysquad.com\/fr\/wp-json\/wp\/v2\/media?parent=464"}],"curies":[{"name":"wp","href":"https:\/\/api.w.org\/{rel}","templated":true}]}}